{"id":6171,"date":"2023-12-18T12:52:40","date_gmt":"2023-12-18T11:52:40","guid":{"rendered":"https:\/\/myhomedesign.at\/?page_id=6171"},"modified":"2024-01-15T20:49:42","modified_gmt":"2024-01-15T19:49:42","slug":"impressum","status":"publish","type":"page","link":"https:\/\/myhomedesign.at\/en\/impressum\/","title":{"rendered":"Imprint"},"content":{"rendered":"<div class=\"wpb-content-wrapper\"><div class=\"vc_row wpb_row vc_row-fluid\"><div class=\"container\"><div class=\"row\"><div class=\"wpb_column vc_column_container vc_col-sm-2\"><div class=\"vc_column-inner\"><div class=\"wpb_wrapper\"><\/div><\/div><\/div><div class=\"wpb_column vc_column_container vc_col-sm-8\"><div class=\"vc_column-inner\"><div class=\"wpb_wrapper\">\n\t<div class=\"wpb_text_column wpb_content_element\" >\n\t\t<div class=\"wpb_wrapper\">\n\t\t\t<p><span class=\"TextRun SCXW6414540 BCX0\" lang=\"DE-AT\" xml:lang=\"DE-AT\" data-contrast=\"none\"><span class=\"NormalTextRun SCXW6414540 BCX0\">Informationen und Offenlegung gem\u00e4\u00df \u00a75 (1) ECG, \u00a7 25 <\/span><span class=\"NormalTextRun SpellingErrorV2Themed SCXW6414540 BCX0\">MedienG<\/span><span class=\"NormalTextRun SCXW6414540 BCX0\">, \u00a7 63 GewO und \u00a7 14 UGB<\/span><\/span><span class=\"EOP SCXW6414540 BCX0\" data-ccp-props=\"{&quot;134233118&quot;:true}\">\u00a0<\/span><\/p>\n\n\t\t<\/div>\n\t<\/div>\n<div class=\"vc_empty_space\"   style=\"height: 32px\"><span class=\"vc_empty_space_inner\"><\/span><\/div><div id=\"1464939184208-3761b6d5-e09b\" class=\"vc_toggle vc_toggle_text_only vc_toggle_color_default  vc_toggle_size_lg vc_toggle_active\"><div class=\"vc_toggle_title\"><h4>Verantwortlicher<\/h4><i class=\"vc_toggle_icon\"><\/i><\/div><div class=\"vc_toggle_content\"><p><b><span data-contrast=\"none\">Webseitenbetreiber:<\/span><\/b><span data-contrast=\"none\">\u202f Primoris GmbH<\/span><br \/>\n<b><span data-contrast=\"none\">Firmenbuchnummer:<\/span><\/b><span data-contrast=\"none\">\u202f FN 566828 x\u202f<\/span><br \/>\n<b><span data-contrast=\"none\">Firmenbuchgericht: \u202f<\/span><\/b><span data-contrast=\"none\">Landesgericht Salzburg<br \/>\n<\/span><b><span data-contrast=\"none\">Anschrift:<\/span><\/b><span data-contrast=\"none\">\u202f Leopoldskronstrasse 4A 1.10, 5020 Salzburg<\/span><span data-ccp-props=\"{&quot;134233118&quot;:true}\"><br \/>\n<\/span><b><span data-contrast=\"none\">UID-Nr:<\/span><\/b><span data-contrast=\"none\">\u202f ATU77381067\u202f<\/span><br \/>\n<b><span data-contrast=\"none\">Gewerbeaufsichtbeh\u00f6rde:<\/span><\/b><span data-contrast=\"none\">\u202f Magistrat Stadt Salzburg\u202f<\/span><br \/>\n<b><span data-contrast=\"none\">Mitgliedschaften:\u202f <\/span><\/b><span data-contrast=\"none\">WKS<\/span><span data-ccp-props=\"{&quot;134233118&quot;:true}\">\u00a0<\/span><\/p>\n<p><b><span data-contrast=\"none\">Kontaktdaten:<\/span><\/b><span data-contrast=\"none\">\u202f<\/span><br \/>\n<span data-contrast=\"none\">Telefon: +43 662 23 11 32\u202f<\/span><br \/>\n<span data-contrast=\"none\">Email: team@myhomedesign.at\u202f<\/span><br \/>\n<span data-ccp-props=\"{&quot;134233118&quot;:true}\">\u00a0<\/span><\/p>\n<p><b><span data-contrast=\"none\">Anwendbare Rechtsvorschrift:<\/span><\/b><span data-contrast=\"none\">\u202fwww.ris.bka.gv.at\u202f<\/span><span data-ccp-props=\"{&quot;134233118&quot;:true}\">\u00a0<\/span><\/p>\n<p><b><span data-contrast=\"none\">Online Streitbeilegung:<\/span><\/b><span data-contrast=\"none\">\u202f Verbraucher, welche in \u00d6sterreich oder in einem sonstigen Vertragsstaat der ODR-VO niedergelassen sind, haben die M\u00f6glichkeit Probleme bez\u00fcglich dem entgeltlichen Kauf von Waren oder Dienstleistungen im Rahmen einer Online-Streitbeilegung (nach OS, AStG) zu l\u00f6sen. Die Europa\u0308ische Kommission stellt eine Plattform hierf\u00fcr bereit: https:\/\/ec.europa.eu\/consumers\/odr<\/span><span data-ccp-props=\"{&quot;134233118&quot;:true}\">\u00a0<\/span><\/p>\n<p><b><span data-contrast=\"none\">Urheberrecht:<\/span><\/b><span data-contrast=\"none\">\u202f Die Inhalte dieser Webseite unterliegen, soweit dies rechtlich m\u00f6glich ist, diversen Schutzrechten (z.B dem Urheberrecht). Jegliche Verwendung\/Verbreitung von bereitgestelltem Material, welche urheberrechtlich untersagt ist, bedarf schriftlicher Zustimmung des Webseitenbetreibers.<\/span><span data-ccp-props=\"{&quot;134233118&quot;:true}\">\u00a0<\/span><\/p>\n<p><b><span data-contrast=\"none\">Haftungsausschluss: <\/span><\/b><span data-contrast=\"none\">\u202fTrotz sorgf\u00e4ltiger inhaltlicher Kontrolle \u00fcbernimmt der Webseitenbetreiber dieser Webseite keine Haftung f\u00fcr die Inhalte externer Links. F\u00fcr den Inhalt der verlinkten Seiten sind ausschlie\u00dflich deren Betreiber verantwortlich. Sollten Sie dennoch auf ausgehende Links aufmerksam werden, welche auf eine Webseite mit rechtswidriger T\u00e4tigkeit\/Information verweisen, ersuchen wir um dementsprechenden Hinweis, um diese nach \u00a7 17 Abs. 2 ECG umgehend zu entfernen.<\/span><br \/>\n<span data-contrast=\"none\">Die Urheberrechte Dritter werden vom Betreiber dieser Webseite mit gr\u00f6\u00dfter Sorgfalt beachtet. Sollten Sie trotzdem auf eine Urheberrechtsverletzung aufmerksam werden, bitten wir um einen entsprechenden Hinweis. Bei Bekanntwerden derartiger Rechtsverletzungen werden wir den betroffenen Inhalt umgehend entfernen.<\/span><\/p>\n<\/div><\/div><div class=\"vc_empty_space\"   style=\"height: 32px\"><span class=\"vc_empty_space_inner\"><\/span><\/div><\/div><\/div><\/div><div class=\"wpb_column vc_column_container vc_col-sm-2\"><div class=\"vc_column-inner\"><div class=\"wpb_wrapper\"><\/div><\/div><\/div><\/div><\/div><\/div>\n<\/div>","protected":false},"excerpt":{"rendered":"Informationen und Offenlegung gem\u00e4\u00df \u00a75 (1) ECG, \u00a7 25 MedienG, \u00a7 63 GewO und \u00a7 14 UGB\u00a0 VerantwortlicherWebseitenbetreiber:\u202f Primoris GmbH Firmenbuchnummer:\u202f FN 566828 x\u202f Firmenbuchgericht: \u202fLandesgericht Salzburg Anschrift:\u202f Leopoldskronstrasse 4A&hellip;","protected":false},"author":2,"featured_media":0,"parent":0,"menu_order":0,"comment_status":"closed","ping_status":"closed","template":"","meta":{"footnotes":""},"aioseo_notices":[],"jetpack_sharing_enabled":true,"_links":{"self":[{"href":"https:\/\/myhomedesign.at\/en\/wp-json\/wp\/v2\/pages\/6171"}],"collection":[{"href":"https:\/\/myhomedesign.at\/en\/wp-json\/wp\/v2\/pages"}],"about":[{"href":"https:\/\/myhomedesign.at\/en\/wp-json\/wp\/v2\/types\/page"}],"author":[{"embeddable":true,"href":"https:\/\/myhomedesign.at\/en\/wp-json\/wp\/v2\/users\/2"}],"replies":[{"embeddable":true,"href":"https:\/\/myhomedesign.at\/en\/wp-json\/wp\/v2\/comments?post=6171"}],"version-history":[{"count":4,"href":"https:\/\/myhomedesign.at\/en\/wp-json\/wp\/v2\/pages\/6171\/revisions"}],"predecessor-version":[{"id":6386,"href":"https:\/\/myhomedesign.at\/en\/wp-json\/wp\/v2\/pages\/6171\/revisions\/6386"}],"wp:attachment":[{"href":"https:\/\/myhomedesign.at\/en\/wp-json\/wp\/v2\/media?parent=6171"}],"curies":[{"name":"wp","href":"https:\/\/api.w.org\/{rel}","templated":true}]}}