{"id":7887,"date":"2024-08-07T18:49:01","date_gmt":"2024-08-07T17:49:01","guid":{"rendered":"https:\/\/myhomedesign.at\/?post_type=product&#038;p=7887"},"modified":"2026-04-13T23:38:10","modified_gmt":"2026-04-13T22:38:10","slug":"bun-sessel","status":"publish","type":"product","link":"https:\/\/myhomedesign.at\/en\/shop\/bun-sessel\/","title":{"rendered":"BUN Sessel"},"content":{"rendered":"<p>Materialien: Metall, Sperrholz, Polyurethanschaum, Textilien<\/p>\n<p>Abmessungen: L 91 cm, B 86 cm, H 72 cm<\/p>\n<p>Produktionszeit: 5 Wochen<\/p>\n<p>Wie w\u00fcrde ein Stuhl aussehen, wenn man M\u00f6bel aus Teig herstellen k\u00f6nnte, wie Ravioli, selbstgemachte Nudeln oder Croissants?<br \/>\nDie \u00fcppigen runden Formen des Modells erinnern an ein leckeres Br\u00f6tchen aus dem Schaufenster Ihrer Lieblingskonditorei.<\/p>\n<p>Der Sessel steht im Einklang mit der verspielten \u00c4sthetik der Marke und passt gut zu den anderen Woo-Modellen. BUN sieht in verschiedenen Farben und Bez\u00fcgen v\u00f6llig anders aus und gibt Ihnen maximale Freiheit, eine einzigartige Atmosph\u00e4re in Ihrem Interieur zu schaffen.<\/p>\n<p>Stoffe k\u00f6nnen im Katalog ausgew\u00e4hlt werden. Der Preis variiert je nach Stoff.<\/p>\n<p>&nbsp;<\/p>","protected":false},"excerpt":{"rendered":"<p>Materialien: Metall, Sperrholz, Polyurethanschaum, Textilien Abmessungen: L 91 cm, B 86 cm, H 72 cm Produktionszeit: 5 Wochen Wie w\u00fcrde ein Stuhl aussehen, wenn man M\u00f6bel aus Teig herstellen k\u00f6nnte,&hellip;<\/p>","protected":false},"featured_media":7888,"comment_status":"open","ping_status":"closed","template":"","meta":[],"product_cat":[134,135],"product_tag":[138,137,139],"aioseo_notices":[],"jetpack_sharing_enabled":true,"_links":{"self":[{"href":"https:\/\/myhomedesign.at\/en\/wp-json\/wp\/v2\/product\/7887"}],"collection":[{"href":"https:\/\/myhomedesign.at\/en\/wp-json\/wp\/v2\/product"}],"about":[{"href":"https:\/\/myhomedesign.at\/en\/wp-json\/wp\/v2\/types\/product"}],"replies":[{"embeddable":true,"href":"https:\/\/myhomedesign.at\/en\/wp-json\/wp\/v2\/comments?post=7887"}],"wp:featuredmedia":[{"embeddable":true,"href":"https:\/\/myhomedesign.at\/en\/wp-json\/wp\/v2\/media\/7888"}],"wp:attachment":[{"href":"https:\/\/myhomedesign.at\/en\/wp-json\/wp\/v2\/media?parent=7887"}],"wp:term":[{"taxonomy":"product_cat","embeddable":true,"href":"https:\/\/myhomedesign.at\/en\/wp-json\/wp\/v2\/product_cat?post=7887"},{"taxonomy":"product_tag","embeddable":true,"href":"https:\/\/myhomedesign.at\/en\/wp-json\/wp\/v2\/product_tag?post=7887"}],"curies":[{"name":"wp","href":"https:\/\/api.w.org\/{rel}","templated":true}]}}