{"id":7896,"date":"2024-08-07T20:03:13","date_gmt":"2024-08-07T19:03:13","guid":{"rendered":"https:\/\/myhomedesign.at\/?post_type=product&#038;p=7896"},"modified":"2026-01-30T19:13:35","modified_gmt":"2026-01-30T18:13:35","slug":"umi-sessel","status":"publish","type":"product","link":"https:\/\/myhomedesign.at\/en\/shop\/umi-sessel\/","title":{"rendered":"UMI Sessel"},"content":{"rendered":"<p>Materialien: Sperrholz, Schaumgummi, Stoff<\/p>\n<p>Abmessungen: L 65 cm, B 80 cm, H 66 cm<\/p>\n<p>Produktionszeit: 5 Wochen<\/p>\n<p>Ein Objekt, das mehr an eine weiche Skulptur als an ein M\u00f6belst\u00fcck erinnert.<br \/>\nDie Sitzfl\u00e4che und die R\u00fcckenlehne des Stuhls bestehen aus zwei hufeisenf\u00f6rmig verbundenen Zylindern. Die Beine haben ebenfalls eine zylindrische Form, wobei das hintere Paar l\u00e4nger ist als das vordere. Die ergonomischen Proportionen des Stuhls sorgen f\u00fcr einen bequemen Sitz, und die spielerische Form regt dazu an, seine eigene Art der Interaktion mit UMI zu finden. Der Stuhl eignet sich zum Entspannen, Lesen und sogar zum Meditieren.<\/p>\n<p>Stoffe k\u00f6nnen im Katalog ausgew\u00e4hlt werden. Der Preis variiert je nach Stoff.<\/p>","protected":false},"excerpt":{"rendered":"<p>Materialien: Sperrholz, Schaumgummi, Stoff Abmessungen: L 65 cm, B 80 cm, H 66 cm Produktionszeit: 5 Wochen Ein Objekt, das mehr an eine weiche Skulptur als an ein M\u00f6belst\u00fcck erinnert.&hellip;<\/p>","protected":false},"featured_media":7902,"comment_status":"open","ping_status":"closed","template":"","meta":[],"product_cat":[134,135],"product_tag":[138,137,139],"aioseo_notices":[],"jetpack_sharing_enabled":true,"_links":{"self":[{"href":"https:\/\/myhomedesign.at\/en\/wp-json\/wp\/v2\/product\/7896"}],"collection":[{"href":"https:\/\/myhomedesign.at\/en\/wp-json\/wp\/v2\/product"}],"about":[{"href":"https:\/\/myhomedesign.at\/en\/wp-json\/wp\/v2\/types\/product"}],"replies":[{"embeddable":true,"href":"https:\/\/myhomedesign.at\/en\/wp-json\/wp\/v2\/comments?post=7896"}],"wp:featuredmedia":[{"embeddable":true,"href":"https:\/\/myhomedesign.at\/en\/wp-json\/wp\/v2\/media\/7902"}],"wp:attachment":[{"href":"https:\/\/myhomedesign.at\/en\/wp-json\/wp\/v2\/media?parent=7896"}],"wp:term":[{"taxonomy":"product_cat","embeddable":true,"href":"https:\/\/myhomedesign.at\/en\/wp-json\/wp\/v2\/product_cat?post=7896"},{"taxonomy":"product_tag","embeddable":true,"href":"https:\/\/myhomedesign.at\/en\/wp-json\/wp\/v2\/product_tag?post=7896"}],"curies":[{"name":"wp","href":"https:\/\/api.w.org\/{rel}","templated":true}]}}