{"id":7912,"date":"2024-08-08T11:50:53","date_gmt":"2024-08-08T10:50:53","guid":{"rendered":"https:\/\/myhomedesign.at\/?post_type=product&#038;p=7912"},"modified":"2026-02-05T22:56:43","modified_gmt":"2026-02-05T21:56:43","slug":"drova-4-puff","status":"publish","type":"product","link":"https:\/\/myhomedesign.at\/en\/shop\/drova-4-puff\/","title":{"rendered":"DROVA 4 Puff"},"content":{"rendered":"<p><strong>Materialien: Sperrholz, Schaumgummi, Stoff<\/strong><\/p>\n<p><strong>Abmessungen: L 44 cm, B 44 cm, H 41 cm<\/strong><\/p>\n<p><strong>Produktionszeit: 5 Wochen<\/strong><\/p>\n<p><strong>Das Design des Hockers DROVA besteht aus mehreren \u00fcbereinander gestapelten Polsterbl\u00f6cken, die an Brennholz erinnern, das neben dem Ofen gestapelt wird.<\/strong><br \/>\n<strong>Je nach Gr\u00f6\u00dfe des Hockers k\u00f6nnen es 4 oder 6 Elemente sein. Dank des Zwischenraums zwischen den Bl\u00f6cken l\u00e4sst sich DROVA leicht von einem Ort zum anderen bewegen und es k\u00f6nnen verschiedene kleine Gegenst\u00e4nde darin aufbewahrt werden.<\/strong><\/p>\n<p style=\"text-align: left;\"><strong>Stoffe k\u00f6nnen im Katalog ausgew\u00e4hlt werden. Der Preis variiert je nach Stoff.<\/strong><\/p>","protected":false},"excerpt":{"rendered":"<p>Materialien: Sperrholz, Schaumgummi, Stoff Abmessungen: L 44 cm, B 44 cm, H 41 cm Produktionszeit: 5 Wochen Das Design des Hockers DROVA besteht aus mehreren \u00fcbereinander gestapelten Polsterbl\u00f6cken, die an&hellip;<\/p>","protected":false},"featured_media":7915,"comment_status":"open","ping_status":"closed","template":"","meta":[],"product_cat":[134,135],"product_tag":[138,137,139],"aioseo_notices":[],"jetpack_sharing_enabled":true,"_links":{"self":[{"href":"https:\/\/myhomedesign.at\/en\/wp-json\/wp\/v2\/product\/7912"}],"collection":[{"href":"https:\/\/myhomedesign.at\/en\/wp-json\/wp\/v2\/product"}],"about":[{"href":"https:\/\/myhomedesign.at\/en\/wp-json\/wp\/v2\/types\/product"}],"replies":[{"embeddable":true,"href":"https:\/\/myhomedesign.at\/en\/wp-json\/wp\/v2\/comments?post=7912"}],"wp:featuredmedia":[{"embeddable":true,"href":"https:\/\/myhomedesign.at\/en\/wp-json\/wp\/v2\/media\/7915"}],"wp:attachment":[{"href":"https:\/\/myhomedesign.at\/en\/wp-json\/wp\/v2\/media?parent=7912"}],"wp:term":[{"taxonomy":"product_cat","embeddable":true,"href":"https:\/\/myhomedesign.at\/en\/wp-json\/wp\/v2\/product_cat?post=7912"},{"taxonomy":"product_tag","embeddable":true,"href":"https:\/\/myhomedesign.at\/en\/wp-json\/wp\/v2\/product_tag?post=7912"}],"curies":[{"name":"wp","href":"https:\/\/api.w.org\/{rel}","templated":true}]}}