{"id":7926,"date":"2024-08-08T12:00:16","date_gmt":"2024-08-08T11:00:16","guid":{"rendered":"https:\/\/myhomedesign.at\/?post_type=product&#038;p=7926"},"modified":"2026-02-05T22:57:05","modified_gmt":"2026-02-05T21:57:05","slug":"drova-6-puff","status":"publish","type":"product","link":"https:\/\/myhomedesign.at\/en\/shop\/drova-6-puff\/","title":{"rendered":"DROVA 6 Puff"},"content":{"rendered":"<p><strong>Materialien: Sperrholz, Schaumgummi, Stoff Sperrholz, Schaumgummi, Stoff<\/strong><\/p>\n<p><strong>Abmessungen: L 68cm, B 68cm, H 41cm<\/strong><\/p>\n<p><strong>Produktionszeit: 5 Wochen<\/strong><\/p>\n<p><strong>Das Design des Poufs &#8220;DROVA&#8221; besteht aus mehreren \u00fcbereinander gestapelten weichen Bl\u00f6cken, die an Brennholz erinnern, das vor dem Kamin aufgeschichtet wird.<\/strong><br \/>\n<strong>Je nach Gr\u00f6\u00dfe des Hockers k\u00f6nnen es 4 oder 6 Elemente sein. Der Raum zwischen den Bl\u00f6cken macht es einfach, DROVA von einem Ort zum anderen zu bewegen und kleine Gegenst\u00e4nde darin zu verstauen.<\/strong><\/p>\n<p><strong>Stoffe k\u00f6nnen im Katalog ausgew\u00e4hlt werden. Der Preis variiert je nach Stoff.<\/strong><\/p>","protected":false},"excerpt":{"rendered":"<p>Materialien: Sperrholz, Schaumgummi, Stoff Sperrholz, Schaumgummi, Stoff Abmessungen: L 68cm, B 68cm, H 41cm Produktionszeit: 5 Wochen Das Design des Poufs &#8220;DROVA&#8221; besteht aus mehreren \u00fcbereinander gestapelten weichen Bl\u00f6cken, die&hellip;<\/p>","protected":false},"featured_media":7919,"comment_status":"open","ping_status":"closed","template":"","meta":[],"product_cat":[134,135],"product_tag":[138,137,139],"aioseo_notices":[],"jetpack_sharing_enabled":true,"_links":{"self":[{"href":"https:\/\/myhomedesign.at\/en\/wp-json\/wp\/v2\/product\/7926"}],"collection":[{"href":"https:\/\/myhomedesign.at\/en\/wp-json\/wp\/v2\/product"}],"about":[{"href":"https:\/\/myhomedesign.at\/en\/wp-json\/wp\/v2\/types\/product"}],"replies":[{"embeddable":true,"href":"https:\/\/myhomedesign.at\/en\/wp-json\/wp\/v2\/comments?post=7926"}],"wp:featuredmedia":[{"embeddable":true,"href":"https:\/\/myhomedesign.at\/en\/wp-json\/wp\/v2\/media\/7919"}],"wp:attachment":[{"href":"https:\/\/myhomedesign.at\/en\/wp-json\/wp\/v2\/media?parent=7926"}],"wp:term":[{"taxonomy":"product_cat","embeddable":true,"href":"https:\/\/myhomedesign.at\/en\/wp-json\/wp\/v2\/product_cat?post=7926"},{"taxonomy":"product_tag","embeddable":true,"href":"https:\/\/myhomedesign.at\/en\/wp-json\/wp\/v2\/product_tag?post=7926"}],"curies":[{"name":"wp","href":"https:\/\/api.w.org\/{rel}","templated":true}]}}