{"id":7955,"date":"2024-08-08T13:13:24","date_gmt":"2024-08-08T12:13:24","guid":{"rendered":"https:\/\/myhomedesign.at\/?post_type=product&#038;p=7955"},"modified":"2026-03-07T10:44:27","modified_gmt":"2026-03-07T09:44:27","slug":"coast-m-puff","status":"publish","type":"product","link":"https:\/\/myhomedesign.at\/en\/shop\/coast-m-puff\/","title":{"rendered":"COAST M Puff"},"content":{"rendered":"<p><strong>Materialien: Sperrholz, Schaumgummi, Stoff<\/strong><\/p>\n<p><strong>Abmessungen: L 40cm, B 100cm, H 39,5cm<\/strong><\/p>\n<p><strong>Produktionszeit: 5 Wochen<\/strong><\/p>\n<p><strong>Coast ist ein gepolsterter Hocker mit einem lakonischen, funktionalen Design. Der untere Teil dient als Ablage f\u00fcr B\u00fccher, Zeitschriften und Dekoration.<\/strong><br \/>\n<strong>Durch seine l\u00e4ngliche Form \u00e4hnelt er einer K\u00fcstenlinie, w\u00e4hrend der Hauptteil wie ein Land aus dem Wasser ragt.<\/strong><\/p>\n<p><strong>Stoffe k\u00f6nnen im Katalog ausgew\u00e4hlt werden. Der Preis variiert je nach Stoff.<\/strong><\/p>","protected":false},"excerpt":{"rendered":"<p>Materialien: Sperrholz, Schaumgummi, Stoff Abmessungen: L 40cm, B 100cm, H 39,5cm Produktionszeit: 5 Wochen Coast ist ein gepolsterter Hocker mit einem lakonischen, funktionalen Design. Der untere Teil dient als Ablage&hellip;<\/p>","protected":false},"featured_media":7944,"comment_status":"open","ping_status":"closed","template":"","meta":[],"product_cat":[134,135],"product_tag":[138,137,139],"aioseo_notices":[],"jetpack_sharing_enabled":true,"_links":{"self":[{"href":"https:\/\/myhomedesign.at\/en\/wp-json\/wp\/v2\/product\/7955"}],"collection":[{"href":"https:\/\/myhomedesign.at\/en\/wp-json\/wp\/v2\/product"}],"about":[{"href":"https:\/\/myhomedesign.at\/en\/wp-json\/wp\/v2\/types\/product"}],"replies":[{"embeddable":true,"href":"https:\/\/myhomedesign.at\/en\/wp-json\/wp\/v2\/comments?post=7955"}],"wp:featuredmedia":[{"embeddable":true,"href":"https:\/\/myhomedesign.at\/en\/wp-json\/wp\/v2\/media\/7944"}],"wp:attachment":[{"href":"https:\/\/myhomedesign.at\/en\/wp-json\/wp\/v2\/media?parent=7955"}],"wp:term":[{"taxonomy":"product_cat","embeddable":true,"href":"https:\/\/myhomedesign.at\/en\/wp-json\/wp\/v2\/product_cat?post=7955"},{"taxonomy":"product_tag","embeddable":true,"href":"https:\/\/myhomedesign.at\/en\/wp-json\/wp\/v2\/product_tag?post=7955"}],"curies":[{"name":"wp","href":"https:\/\/api.w.org\/{rel}","templated":true}]}}