{"id":7956,"date":"2024-08-08T13:11:58","date_gmt":"2024-08-08T12:11:58","guid":{"rendered":"https:\/\/myhomedesign.at\/?post_type=product&#038;p=7956"},"modified":"2025-04-10T10:36:59","modified_gmt":"2025-04-10T09:36:59","slug":"coast-s-puff","status":"publish","type":"product","link":"https:\/\/myhomedesign.at\/en\/shop\/coast-s-puff\/","title":{"rendered":"COAST S Puff"},"content":{"rendered":"<p><strong>Materialien: Sperrholz, Schaumgummi, Stoff<\/strong><\/p>\n<p><strong>Abmessungen: L 40 cm, B 60 cm, H 39,5 cm<\/strong><\/p>\n<p><strong>Produktionszeit: 5 Wochen<\/strong><\/p>\n<p><strong>Coast ist ein gepolsterter Hocker mit einem lakonischen, funktionalen Design. Der untere Teil dient als Ablage f\u00fcr B\u00fccher, Zeitschriften und Dekoration.<\/strong><br \/>\n<strong>Durch seine l\u00e4ngliche Form \u00e4hnelt er einer K\u00fcstenlinie, w\u00e4hrend der Hauptteil wie ein Land aus dem Wasser ragt.<\/strong><\/p>\n<p><strong>Stoffe k\u00f6nnen im Katalog ausgew\u00e4hlt werden. Der Preis variiert je nach Stoff.<\/strong><\/p>\n<p>&nbsp;<\/p>","protected":false},"excerpt":{"rendered":"<p>Materialien: Sperrholz, Schaumgummi, Stoff Abmessungen: L 40 cm, B 60 cm, H 39,5 cm Produktionszeit: 5 Wochen Coast ist ein gepolsterter Hocker mit einem lakonischen, funktionalen Design. Der untere Teil&hellip;<\/p>","protected":false},"featured_media":7950,"comment_status":"open","ping_status":"closed","template":"","meta":[],"product_cat":[134,135],"product_tag":[138,137,139],"aioseo_notices":[],"jetpack_sharing_enabled":true,"_links":{"self":[{"href":"https:\/\/myhomedesign.at\/en\/wp-json\/wp\/v2\/product\/7956"}],"collection":[{"href":"https:\/\/myhomedesign.at\/en\/wp-json\/wp\/v2\/product"}],"about":[{"href":"https:\/\/myhomedesign.at\/en\/wp-json\/wp\/v2\/types\/product"}],"replies":[{"embeddable":true,"href":"https:\/\/myhomedesign.at\/en\/wp-json\/wp\/v2\/comments?post=7956"}],"wp:featuredmedia":[{"embeddable":true,"href":"https:\/\/myhomedesign.at\/en\/wp-json\/wp\/v2\/media\/7950"}],"wp:attachment":[{"href":"https:\/\/myhomedesign.at\/en\/wp-json\/wp\/v2\/media?parent=7956"}],"wp:term":[{"taxonomy":"product_cat","embeddable":true,"href":"https:\/\/myhomedesign.at\/en\/wp-json\/wp\/v2\/product_cat?post=7956"},{"taxonomy":"product_tag","embeddable":true,"href":"https:\/\/myhomedesign.at\/en\/wp-json\/wp\/v2\/product_tag?post=7956"}],"curies":[{"name":"wp","href":"https:\/\/api.w.org\/{rel}","templated":true}]}}