{"id":7957,"date":"2024-08-08T13:33:06","date_gmt":"2024-08-08T12:33:06","guid":{"rendered":"https:\/\/myhomedesign.at\/?post_type=product&#038;p=7957"},"modified":"2025-06-08T16:57:52","modified_gmt":"2025-06-08T15:57:52","slug":"urban","status":"publish","type":"product","link":"https:\/\/myhomedesign.at\/en\/shop\/urban\/","title":{"rendered":"URBAN"},"content":{"rendered":"<p><strong>Materialien: Metall, Sperrholz, Polyurethanschaum, Textilien<\/strong><\/p>\n<p><strong>Abmessungen: L 58 cm, B 44 cm, H 83 cm<\/strong><\/p>\n<p><strong>Produktionszeit: 5 Wochen<\/strong><\/p>\n<p><strong>Die URBAN-Silhouette basiert auf den \u00fcblichen Elementen eines Esszimmerstuhls &#8211; Beine, die sich in eine R\u00fcckenlehne und eine Sitzfl\u00e4che verwandeln. Sie sind jedoch auf eine neue Art und Weise zusammengesetzt, so als ob der Stuhl aus dem Boden w\u00e4chst, wie eine Metropole, die sich von unten nach oben erhebt.<\/strong><\/p>\n<p><strong>Die zylindrischen Beine an der Basis der R\u00fcckenlehne erinnern an Industrierohre, und der Stuhl selbst verweist mit seinen quadratischen Formen auf die moderne minimalistische Architektur. Gleichzeitig ist das Modell komplett mit Stoff bezogen, was ihm ein Gef\u00fchl von W\u00e4rme und Gem\u00fctlichkeit verleiht.<\/strong><\/p>\n<p><strong>Stoffe k\u00f6nnen im Katalog ausgew\u00e4hlt werden. Der Preis variiert je nach Stoff.<\/strong><\/p>","protected":false},"excerpt":{"rendered":"<p>Materialien: Metall, Sperrholz, Polyurethanschaum, Textilien Abmessungen: L 58 cm, B 44 cm, H 83 cm Produktionszeit: 5 Wochen Die URBAN-Silhouette basiert auf den \u00fcblichen Elementen eines Esszimmerstuhls &#8211; Beine, die&hellip;<\/p>","protected":false},"featured_media":7960,"comment_status":"open","ping_status":"closed","template":"","meta":[],"product_cat":[134,142],"product_tag":[138,137,139],"aioseo_notices":[],"jetpack_sharing_enabled":true,"_links":{"self":[{"href":"https:\/\/myhomedesign.at\/en\/wp-json\/wp\/v2\/product\/7957"}],"collection":[{"href":"https:\/\/myhomedesign.at\/en\/wp-json\/wp\/v2\/product"}],"about":[{"href":"https:\/\/myhomedesign.at\/en\/wp-json\/wp\/v2\/types\/product"}],"replies":[{"embeddable":true,"href":"https:\/\/myhomedesign.at\/en\/wp-json\/wp\/v2\/comments?post=7957"}],"wp:featuredmedia":[{"embeddable":true,"href":"https:\/\/myhomedesign.at\/en\/wp-json\/wp\/v2\/media\/7960"}],"wp:attachment":[{"href":"https:\/\/myhomedesign.at\/en\/wp-json\/wp\/v2\/media?parent=7957"}],"wp:term":[{"taxonomy":"product_cat","embeddable":true,"href":"https:\/\/myhomedesign.at\/en\/wp-json\/wp\/v2\/product_cat?post=7957"},{"taxonomy":"product_tag","embeddable":true,"href":"https:\/\/myhomedesign.at\/en\/wp-json\/wp\/v2\/product_tag?post=7957"}],"curies":[{"name":"wp","href":"https:\/\/api.w.org\/{rel}","templated":true}]}}