{"id":7994,"date":"2024-08-08T15:40:48","date_gmt":"2024-08-08T14:40:48","guid":{"rendered":"https:\/\/myhomedesign.at\/?post_type=product&#038;p=7994"},"modified":"2026-02-05T22:55:18","modified_gmt":"2026-02-05T21:55:18","slug":"biblio-l","status":"publish","type":"product","link":"https:\/\/myhomedesign.at\/en\/shop\/biblio-l\/","title":{"rendered":"BIBLIO L"},"content":{"rendered":"<p><strong>Materialien: Metall, Sperrholz, Polyurethanschaum, Textilien<\/strong><\/p>\n<p><strong>Abmessungen: L 45 cm, B 45 cm, H 51 cm<\/strong><\/p>\n<p><strong>Produktionszeit: 5 Wochen<\/strong><\/p>\n<p><strong>Eine Modellserie mit einem originellen Beindesign, das die Funktionen eines Tisches und einer Minibibliothek vereint.<\/strong><br \/>\n<strong>Die L\u00f6cher in den Tischbeinen k\u00f6nnen als Ablagefl\u00e4che f\u00fcr B\u00fccher genutzt werden. Indem Sie ein paar Ihrer Lieblingsb\u00fccher oder -zeitschriften in den Zwischenraum des Tischbeins legen, machen Sie Platz auf der Tischplatte frei.<\/strong><\/p>\n<p><strong>Durchgehende Nischen in den Tischbeinen erzeugen den Effekt von durchscheinenden Beinen und lassen das Modell optisch aufhellen.<\/strong><\/p>\n<p><strong>Die Serie umfasst runde und rechteckige Esstische, eine Konsole und mehrere Couchtische.<\/strong><\/p>","protected":false},"excerpt":{"rendered":"<p>Materialien: Metall, Sperrholz, Polyurethanschaum, Textilien Abmessungen: L 45 cm, B 45 cm, H 51 cm Produktionszeit: 5 Wochen Eine Modellserie mit einem originellen Beindesign, das die Funktionen eines Tisches und&hellip;<\/p>","protected":false},"featured_media":7998,"comment_status":"open","ping_status":"closed","template":"","meta":[],"product_cat":[141,134,140],"product_tag":[138,137,139],"aioseo_notices":[],"jetpack_sharing_enabled":true,"_links":{"self":[{"href":"https:\/\/myhomedesign.at\/en\/wp-json\/wp\/v2\/product\/7994"}],"collection":[{"href":"https:\/\/myhomedesign.at\/en\/wp-json\/wp\/v2\/product"}],"about":[{"href":"https:\/\/myhomedesign.at\/en\/wp-json\/wp\/v2\/types\/product"}],"replies":[{"embeddable":true,"href":"https:\/\/myhomedesign.at\/en\/wp-json\/wp\/v2\/comments?post=7994"}],"wp:featuredmedia":[{"embeddable":true,"href":"https:\/\/myhomedesign.at\/en\/wp-json\/wp\/v2\/media\/7998"}],"wp:attachment":[{"href":"https:\/\/myhomedesign.at\/en\/wp-json\/wp\/v2\/media?parent=7994"}],"wp:term":[{"taxonomy":"product_cat","embeddable":true,"href":"https:\/\/myhomedesign.at\/en\/wp-json\/wp\/v2\/product_cat?post=7994"},{"taxonomy":"product_tag","embeddable":true,"href":"https:\/\/myhomedesign.at\/en\/wp-json\/wp\/v2\/product_tag?post=7994"}],"curies":[{"name":"wp","href":"https:\/\/api.w.org\/{rel}","templated":true}]}}