{"id":8014,"date":"2024-08-08T16:18:08","date_gmt":"2024-08-08T15:18:08","guid":{"rendered":"https:\/\/myhomedesign.at\/?post_type=product&#038;p=8014"},"modified":"2025-04-10T10:38:22","modified_gmt":"2025-04-10T09:38:22","slug":"layers-m","status":"publish","type":"product","link":"https:\/\/myhomedesign.at\/en\/shop\/layers-m\/","title":{"rendered":"LAYERS M"},"content":{"rendered":"<p>Materialien: Aluminium, Pulverbeschichtung, Holzeinsatz.<br \/>\n<strong>Abmessungen: L 42cm, B 42cm, H 49,5cm<\/strong><\/p>\n<p><strong>Produktionszeit: 5 Wochen<\/strong><\/p>\n<p><strong>Ein Objekt, das eine lange Geschichte zu verbergen scheint.<\/strong><br \/>\n<strong>Ein Couchtisch, der im Laufe der Jahrhunderte geformt wurde und die Texturen der Vergangenheit und der Gegenwart vereint. Der massive Sockel des Modells &#8220;Layers&#8221; ist aus Aluminiumrohren gefertigt. Ein kontrastierender Holzeinsatz, der zwei benachbarte Beine unterbricht, verleiht dem Charakter Asymmetrie und Kunstfertigkeit. Er erinnert an einen Aufn\u00e4her auf der Lieblingskleidung oder an die T\u00fcr eines Geheimverstecks. Der Tisch l\u00e4sst sich leicht in den Raum integrieren, indem man eine Farbe oder einen Furnierton w\u00e4hlt, der zum Rest der Einrichtung passt.<\/strong><\/p>","protected":false},"excerpt":{"rendered":"<p>Materialien: Aluminium, Pulverbeschichtung, Holzeinsatz. Abmessungen: L 42cm, B 42cm, H 49,5cm Produktionszeit: 5 Wochen Ein Objekt, das eine lange Geschichte zu verbergen scheint. Ein Couchtisch, der im Laufe der Jahrhunderte&hellip;<\/p>","protected":false},"featured_media":8013,"comment_status":"open","ping_status":"closed","template":"","meta":[],"product_cat":[141,134,140],"product_tag":[138,137,139,143],"aioseo_notices":[],"jetpack_sharing_enabled":true,"_links":{"self":[{"href":"https:\/\/myhomedesign.at\/en\/wp-json\/wp\/v2\/product\/8014"}],"collection":[{"href":"https:\/\/myhomedesign.at\/en\/wp-json\/wp\/v2\/product"}],"about":[{"href":"https:\/\/myhomedesign.at\/en\/wp-json\/wp\/v2\/types\/product"}],"replies":[{"embeddable":true,"href":"https:\/\/myhomedesign.at\/en\/wp-json\/wp\/v2\/comments?post=8014"}],"wp:featuredmedia":[{"embeddable":true,"href":"https:\/\/myhomedesign.at\/en\/wp-json\/wp\/v2\/media\/8013"}],"wp:attachment":[{"href":"https:\/\/myhomedesign.at\/en\/wp-json\/wp\/v2\/media?parent=8014"}],"wp:term":[{"taxonomy":"product_cat","embeddable":true,"href":"https:\/\/myhomedesign.at\/en\/wp-json\/wp\/v2\/product_cat?post=8014"},{"taxonomy":"product_tag","embeddable":true,"href":"https:\/\/myhomedesign.at\/en\/wp-json\/wp\/v2\/product_tag?post=8014"}],"curies":[{"name":"wp","href":"https:\/\/api.w.org\/{rel}","templated":true}]}}