{"id":8200,"date":"2024-11-17T10:01:13","date_gmt":"2024-11-17T09:01:13","guid":{"rendered":"https:\/\/myhomedesign.at\/?post_type=product&#038;p=8200"},"modified":"2026-03-28T15:30:47","modified_gmt":"2026-03-28T14:30:47","slug":"ermes-sofa","status":"publish","type":"product","link":"https:\/\/myhomedesign.at\/en\/shop\/ermes-sofa\/","title":{"rendered":"ERMES Sofa"},"content":{"rendered":"<p><strong>Das Design des modularen Sofas ERMES ist bis ins kleinste Detail durchdacht &#8211; Funktionalit\u00e4t, stilvolle lakonische Formen und die M\u00f6glichkeit, es mit einem Couchtisch zu erg\u00e4nzen. Die R\u00fcckenlehne des Sofas ist mit einem Schiebemechanismus ausgestattet, der es Ihnen erm\u00f6glicht, Ihr Komfortniveau zu w\u00e4hlen und die Sitztiefe einfach zu ver\u00e4ndern. Sie k\u00f6nnen die klassische Version verwenden oder durch Zur\u00fcckschieben der R\u00fcckenlehne die Sitztiefe erh\u00f6hen, um eine bequeme Liegeposition einzunehmen. Das bequeme modulare System des Modells ERMES erm\u00f6glicht es Ihnen, die gew\u00fcnschte Sofakonfiguration zu w\u00e4hlen, die perfekt zur Inneneinrichtung passt. Das Sofamodell verf\u00fcgt au\u00dferdem \u00fcber zwei Arten von Gestellen &#8211; Ganzmetallf\u00fc\u00dfe aus Aluminium oder ein Podium aus Naturholz.<\/strong><br \/>\n<strong>Das ERMES-Sofa kann durch einen Couchtisch erg\u00e4nzt werden, der Ihr Leben noch komfortabler machen wird.<\/strong><\/p>\n<p>&nbsp;<\/p>","protected":false},"excerpt":{"rendered":"<p>Das Design des Modells ERMES ist bis ins kleinste Detail durchdacht: Funktionalit\u00e4t, stilvolle, klare Formen, elegante Metallbeine sowie die M\u00f6glichkeit der Kombination mit einem Couchtisch. Die R\u00fcckenlehne des Sofas ist mit einem Tic-Tac-Mechanismus ausgestattet, mit dem Sie Ihren Komfortgrad w\u00e4hlen und die Sitztiefe einfach \u00e4ndern k\u00f6nnen. Das praktische modulare System des Modells ERMES erm\u00f6glicht es Ihnen, das gew\u00fcnschte Sofaset auszuw\u00e4hlen, das perfekt in Ihr Interieur passt.<\/p>","protected":false},"featured_media":8215,"comment_status":"open","ping_status":"closed","template":"","meta":[],"product_cat":[144],"product_tag":[],"aioseo_notices":[],"jetpack_sharing_enabled":true,"_links":{"self":[{"href":"https:\/\/myhomedesign.at\/en\/wp-json\/wp\/v2\/product\/8200"}],"collection":[{"href":"https:\/\/myhomedesign.at\/en\/wp-json\/wp\/v2\/product"}],"about":[{"href":"https:\/\/myhomedesign.at\/en\/wp-json\/wp\/v2\/types\/product"}],"replies":[{"embeddable":true,"href":"https:\/\/myhomedesign.at\/en\/wp-json\/wp\/v2\/comments?post=8200"}],"wp:featuredmedia":[{"embeddable":true,"href":"https:\/\/myhomedesign.at\/en\/wp-json\/wp\/v2\/media\/8215"}],"wp:attachment":[{"href":"https:\/\/myhomedesign.at\/en\/wp-json\/wp\/v2\/media?parent=8200"}],"wp:term":[{"taxonomy":"product_cat","embeddable":true,"href":"https:\/\/myhomedesign.at\/en\/wp-json\/wp\/v2\/product_cat?post=8200"},{"taxonomy":"product_tag","embeddable":true,"href":"https:\/\/myhomedesign.at\/en\/wp-json\/wp\/v2\/product_tag?post=8200"}],"curies":[{"name":"wp","href":"https:\/\/api.w.org\/{rel}","templated":true}]}}