{"id":8223,"date":"2024-11-17T10:31:00","date_gmt":"2024-11-17T09:31:00","guid":{"rendered":"https:\/\/myhomedesign.at\/?post_type=product&#038;p=8223"},"modified":"2026-02-05T22:56:07","modified_gmt":"2026-02-05T21:56:07","slug":"coin-sofa","status":"publish","type":"product","link":"https:\/\/myhomedesign.at\/en\/shop\/coin-sofa\/","title":{"rendered":"COIN Sofa"},"content":{"rendered":"<p style=\"text-align: center;\"><strong>Das stilvolle modulare Sofa COIN ist die perfekte Kombination aus Komfort und hochwertigen Materialien. Dieses Sofamodell wurde f\u00fcr echte Liebhaber des Minimalismus geschaffen und unterstreicht so eine besondere Atmosph\u00e4re in Ihrem Interieur. Kombinieren Sie Module verschiedener Formen mit oder ohne Ziern\u00e4hte und w\u00e4hlen Sie Ihre ideale Konfiguration &#8211; ein gerades, zweisitziges, dreisitziges oder Ecksofa. Die Polsterm\u00f6belkollektion COIN umfasst auch Module mit Radius, mit denen Sie selbst die gewagtesten L\u00f6sungen realisieren k\u00f6nnen.<\/strong><\/p>","protected":false},"excerpt":{"rendered":"<p>Das stilvolle modulare Sofa COIN ist die perfekte Kombination aus Komfort und hochwertigen Materialien. Dieses Sofamodell wurde f\u00fcr echte Liebhaber des Minimalismus geschaffen und unterstreicht so eine besondere Atmosph\u00e4re in&hellip;<\/p>","protected":false},"featured_media":8234,"comment_status":"open","ping_status":"closed","template":"","meta":[],"product_cat":[144],"product_tag":[],"aioseo_notices":[],"jetpack_sharing_enabled":true,"_links":{"self":[{"href":"https:\/\/myhomedesign.at\/en\/wp-json\/wp\/v2\/product\/8223"}],"collection":[{"href":"https:\/\/myhomedesign.at\/en\/wp-json\/wp\/v2\/product"}],"about":[{"href":"https:\/\/myhomedesign.at\/en\/wp-json\/wp\/v2\/types\/product"}],"replies":[{"embeddable":true,"href":"https:\/\/myhomedesign.at\/en\/wp-json\/wp\/v2\/comments?post=8223"}],"wp:featuredmedia":[{"embeddable":true,"href":"https:\/\/myhomedesign.at\/en\/wp-json\/wp\/v2\/media\/8234"}],"wp:attachment":[{"href":"https:\/\/myhomedesign.at\/en\/wp-json\/wp\/v2\/media?parent=8223"}],"wp:term":[{"taxonomy":"product_cat","embeddable":true,"href":"https:\/\/myhomedesign.at\/en\/wp-json\/wp\/v2\/product_cat?post=8223"},{"taxonomy":"product_tag","embeddable":true,"href":"https:\/\/myhomedesign.at\/en\/wp-json\/wp\/v2\/product_tag?post=8223"}],"curies":[{"name":"wp","href":"https:\/\/api.w.org\/{rel}","templated":true}]}}